{"id":9,"date":"2014-10-04T23:37:24","date_gmt":"2014-10-04T23:37:24","guid":{"rendered":"http:\/\/192.168.1.39\/wordpress\/?page_id=9"},"modified":"2014-12-24T08:42:34","modified_gmt":"2014-12-24T08:42:34","slug":"alojamiento","status":"publish","type":"page","link":"https:\/\/ratenaja.com\/?page_id=9","title":{"rendered":"Alojamiento"},"content":{"rendered":"<p style=\"text-align: justify;\">La casa, de ambiente r\u00fastico y categor\u00eda superior, cuenta en la planta superior con 5 habitaciones dobles con cuarto de ba\u00f1o, todas diferentes y personalizadas. En la planta baja est\u00e1n la recepci\u00f3n, un espacioso comedor-sal\u00f3n con televisi\u00f3n\u00a0y un patio tipo terraza de verano.<\/p>\n<p style=\"text-align: justify;\">Tenemos\u00a0otra habitaci\u00f3n con posibilidad de 2 camas supletorias, muy espaciosa y con el ba\u00f1o equipado para discapacitados, muy indicada para familias con ni\u00f1os peque\u00f1os.\u00a0La casa, al estar situada en la misma plaza del pueblo tiene un\u00a0 amplio espacio de aparcamiento.\u00a0\u201cRa Tenaja\u201d es un establecimiento adherido a la denominada \u201cRuta del Vino del Somontano\u201d que forma parte de las \u201cRutas del Vino de Espa\u00f1a\u201d.<\/p>\n<div id='gallery-1' class='gallery galleryid-9 gallery-columns-3 gallery-size-thumbnail'><figure class='gallery-item'>\n\t\t\t<div class='gallery-icon landscape'>\n\t\t\t\t<a rel='attachment' href='https:\/\/ratenaja.com\/wp-content\/uploads\/2014\/12\/habitacion6_ratenaja_2.jpg'><img width=\"150\" height=\"150\" src=\"https:\/\/ratenaja.com\/wp-content\/uploads\/2014\/12\/habitacion6_ratenaja_2-150x150.jpg\" class=\"attachment-thumbnail size-thumbnail\" alt=\"Habitaci\u00f3n 1 casa rural Ra tenaja\" decoding=\"async\" loading=\"lazy\" aria-describedby=\"gallery-1-193\" srcset=\"https:\/\/ratenaja.com\/wp-content\/uploads\/2014\/12\/habitacion6_ratenaja_2-150x150.jpg 150w, https:\/\/ratenaja.com\/wp-content\/uploads\/2014\/12\/habitacion6_ratenaja_2-432x432.jpg 432w, https:\/\/ratenaja.com\/wp-content\/uploads\/2014\/12\/habitacion6_ratenaja_2-268x268.jpg 268w\" sizes=\"(max-width: 150px) 100vw, 150px\" \/><\/a>\n\t\t\t<\/div>\n\t\t\t\t<figcaption class='wp-caption-text gallery-caption' id='gallery-1-193'>\n\t\t\t\tHabitaci\u00f3n 1\n\t\t\t\t<\/figcaption><\/figure><figure class='gallery-item'>\n\t\t\t<div class='gallery-icon landscape'>\n\t\t\t\t<a rel='attachment' href='https:\/\/ratenaja.com\/wp-content\/uploads\/2014\/12\/habitacion6_ratenaja_1.jpg'><img width=\"150\" height=\"150\" src=\"https:\/\/ratenaja.com\/wp-content\/uploads\/2014\/12\/habitacion6_ratenaja_1-150x150.jpg\" class=\"attachment-thumbnail size-thumbnail\" alt=\"Habitaci\u00f3n 1 casa rural Ra tenaja\" decoding=\"async\" loading=\"lazy\" aria-describedby=\"gallery-1-192\" srcset=\"https:\/\/ratenaja.com\/wp-content\/uploads\/2014\/12\/habitacion6_ratenaja_1-150x150.jpg 150w, https:\/\/ratenaja.com\/wp-content\/uploads\/2014\/12\/habitacion6_ratenaja_1-432x432.jpg 432w, https:\/\/ratenaja.com\/wp-content\/uploads\/2014\/12\/habitacion6_ratenaja_1-268x268.jpg 268w\" sizes=\"(max-width: 150px) 100vw, 150px\" \/><\/a>\n\t\t\t<\/div>\n\t\t\t\t<figcaption class='wp-caption-text gallery-caption' id='gallery-1-192'>\n\t\t\t\tHabitaci\u00f3n 1\n\t\t\t\t<\/figcaption><\/figure><figure class='gallery-item'>\n\t\t\t<div class='gallery-icon landscape'>\n\t\t\t\t<a rel='attachment' href='https:\/\/ratenaja.com\/wp-content\/uploads\/2014\/12\/habitacion5_ratenaja_1.jpg'><img width=\"150\" height=\"150\" src=\"https:\/\/ratenaja.com\/wp-content\/uploads\/2014\/12\/habitacion5_ratenaja_1-150x150.jpg\" class=\"attachment-thumbnail size-thumbnail\" alt=\"Habitaci\u00f3n 2 casa rural Ra tenaja\" decoding=\"async\" loading=\"lazy\" aria-describedby=\"gallery-1-191\" srcset=\"https:\/\/ratenaja.com\/wp-content\/uploads\/2014\/12\/habitacion5_ratenaja_1-150x150.jpg 150w, https:\/\/ratenaja.com\/wp-content\/uploads\/2014\/12\/habitacion5_ratenaja_1-432x432.jpg 432w, https:\/\/ratenaja.com\/wp-content\/uploads\/2014\/12\/habitacion5_ratenaja_1-268x268.jpg 268w\" sizes=\"(max-width: 150px) 100vw, 150px\" \/><\/a>\n\t\t\t<\/div>\n\t\t\t\t<figcaption class='wp-caption-text gallery-caption' id='gallery-1-191'>\n\t\t\t\tHabitaci\u00f3n 2\n\t\t\t\t<\/figcaption><\/figure><figure class='gallery-item'>\n\t\t\t<div class='gallery-icon landscape'>\n\t\t\t\t<a rel='attachment' href='https:\/\/ratenaja.com\/wp-content\/uploads\/2014\/12\/habitacion4_ratenaja_3.jpg'><img width=\"150\" height=\"150\" src=\"https:\/\/ratenaja.com\/wp-content\/uploads\/2014\/12\/habitacion4_ratenaja_3-150x150.jpg\" class=\"attachment-thumbnail size-thumbnail\" alt=\"Habitaci\u00f3n 3 casa rural Ra tenaja\" decoding=\"async\" loading=\"lazy\" aria-describedby=\"gallery-1-190\" srcset=\"https:\/\/ratenaja.com\/wp-content\/uploads\/2014\/12\/habitacion4_ratenaja_3-150x150.jpg 150w, https:\/\/ratenaja.com\/wp-content\/uploads\/2014\/12\/habitacion4_ratenaja_3-432x432.jpg 432w, https:\/\/ratenaja.com\/wp-content\/uploads\/2014\/12\/habitacion4_ratenaja_3-268x268.jpg 268w\" sizes=\"(max-width: 150px) 100vw, 150px\" \/><\/a>\n\t\t\t<\/div>\n\t\t\t\t<figcaption class='wp-caption-text gallery-caption' id='gallery-1-190'>\n\t\t\t\tHabitaci\u00f3n 3 \n\t\t\t\t<\/figcaption><\/figure><figure class='gallery-item'>\n\t\t\t<div class='gallery-icon landscape'>\n\t\t\t\t<a rel='attachment' href='https:\/\/ratenaja.com\/wp-content\/uploads\/2014\/12\/habitacion4_ratenaja_2.jpg'><img width=\"150\" height=\"150\" src=\"https:\/\/ratenaja.com\/wp-content\/uploads\/2014\/12\/habitacion4_ratenaja_2-150x150.jpg\" class=\"attachment-thumbnail size-thumbnail\" alt=\"Habitaci\u00f3n 3 casa rural Ra tenaja\" decoding=\"async\" loading=\"lazy\" aria-describedby=\"gallery-1-189\" srcset=\"https:\/\/ratenaja.com\/wp-content\/uploads\/2014\/12\/habitacion4_ratenaja_2-150x150.jpg 150w, https:\/\/ratenaja.com\/wp-content\/uploads\/2014\/12\/habitacion4_ratenaja_2-432x432.jpg 432w, https:\/\/ratenaja.com\/wp-content\/uploads\/2014\/12\/habitacion4_ratenaja_2-268x268.jpg 268w\" sizes=\"(max-width: 150px) 100vw, 150px\" \/><\/a>\n\t\t\t<\/div>\n\t\t\t\t<figcaption class='wp-caption-text gallery-caption' id='gallery-1-189'>\n\t\t\t\tHabitaci\u00f3n 3\n\t\t\t\t<\/figcaption><\/figure><figure class='gallery-item'>\n\t\t\t<div class='gallery-icon landscape'>\n\t\t\t\t<a rel='attachment' href='https:\/\/ratenaja.com\/wp-content\/uploads\/2014\/12\/habitacion2_ratenaja_1.jpg'><img width=\"150\" height=\"150\" src=\"https:\/\/ratenaja.com\/wp-content\/uploads\/2014\/12\/habitacion2_ratenaja_1-150x150.jpg\" class=\"attachment-thumbnail size-thumbnail\" alt=\"Habitaci\u00f3n 4 casa rural Ra tenaja\" decoding=\"async\" loading=\"lazy\" aria-describedby=\"gallery-1-184\" srcset=\"https:\/\/ratenaja.com\/wp-content\/uploads\/2014\/12\/habitacion2_ratenaja_1-150x150.jpg 150w, https:\/\/ratenaja.com\/wp-content\/uploads\/2014\/12\/habitacion2_ratenaja_1-432x432.jpg 432w, https:\/\/ratenaja.com\/wp-content\/uploads\/2014\/12\/habitacion2_ratenaja_1-268x268.jpg 268w\" sizes=\"(max-width: 150px) 100vw, 150px\" \/><\/a>\n\t\t\t<\/div>\n\t\t\t\t<figcaption class='wp-caption-text gallery-caption' id='gallery-1-184'>\n\t\t\t\tHabitaci\u00f3n 4\n\t\t\t\t<\/figcaption><\/figure><figure class='gallery-item'>\n\t\t\t<div class='gallery-icon landscape'>\n\t\t\t\t<a rel='attachment' href='https:\/\/ratenaja.com\/wp-content\/uploads\/2014\/12\/habitacion3_ratenaja_2.jpg'><img width=\"150\" height=\"150\" src=\"https:\/\/ratenaja.com\/wp-content\/uploads\/2014\/12\/habitacion3_ratenaja_2-150x150.jpg\" class=\"attachment-thumbnail size-thumbnail\" alt=\"Habitaci\u00f3n 4 casa rural Ra tenaja\" decoding=\"async\" loading=\"lazy\" aria-describedby=\"gallery-1-187\" srcset=\"https:\/\/ratenaja.com\/wp-content\/uploads\/2014\/12\/habitacion3_ratenaja_2-150x150.jpg 150w, https:\/\/ratenaja.com\/wp-content\/uploads\/2014\/12\/habitacion3_ratenaja_2-432x432.jpg 432w, https:\/\/ratenaja.com\/wp-content\/uploads\/2014\/12\/habitacion3_ratenaja_2-268x268.jpg 268w\" sizes=\"(max-width: 150px) 100vw, 150px\" \/><\/a>\n\t\t\t<\/div>\n\t\t\t\t<figcaption class='wp-caption-text gallery-caption' id='gallery-1-187'>\n\t\t\t\tHabitaci\u00f3n 4\n\t\t\t\t<\/figcaption><\/figure><figure class='gallery-item'>\n\t\t\t<div class='gallery-icon landscape'>\n\t\t\t\t<a rel='attachment' href='https:\/\/ratenaja.com\/wp-content\/uploads\/2014\/12\/habitacion1_ratenaja_3.jpg'><img width=\"150\" height=\"150\" src=\"https:\/\/ratenaja.com\/wp-content\/uploads\/2014\/12\/habitacion1_ratenaja_3-150x150.jpg\" class=\"attachment-thumbnail size-thumbnail\" alt=\"Habitaci\u00f3n 5 casa rural Ra tenaja\" decoding=\"async\" loading=\"lazy\" aria-describedby=\"gallery-1-183\" srcset=\"https:\/\/ratenaja.com\/wp-content\/uploads\/2014\/12\/habitacion1_ratenaja_3-150x150.jpg 150w, https:\/\/ratenaja.com\/wp-content\/uploads\/2014\/12\/habitacion1_ratenaja_3-432x432.jpg 432w, https:\/\/ratenaja.com\/wp-content\/uploads\/2014\/12\/habitacion1_ratenaja_3-268x268.jpg 268w\" sizes=\"(max-width: 150px) 100vw, 150px\" \/><\/a>\n\t\t\t<\/div>\n\t\t\t\t<figcaption class='wp-caption-text gallery-caption' id='gallery-1-183'>\n\t\t\t\tHabitaci\u00f3n 5\n\t\t\t\t<\/figcaption><\/figure><figure class='gallery-item'>\n\t\t\t<div class='gallery-icon landscape'>\n\t\t\t\t<a rel='attachment' href='https:\/\/ratenaja.com\/wp-content\/uploads\/2014\/12\/habitacion1_ratenaja_1.jpg'><img width=\"150\" height=\"150\" src=\"https:\/\/ratenaja.com\/wp-content\/uploads\/2014\/12\/habitacion1_ratenaja_1-150x150.jpg\" class=\"attachment-thumbnail size-thumbnail\" alt=\"\" decoding=\"async\" loading=\"lazy\" aria-describedby=\"gallery-1-181\" srcset=\"https:\/\/ratenaja.com\/wp-content\/uploads\/2014\/12\/habitacion1_ratenaja_1-150x150.jpg 150w, https:\/\/ratenaja.com\/wp-content\/uploads\/2014\/12\/habitacion1_ratenaja_1-432x432.jpg 432w, https:\/\/ratenaja.com\/wp-content\/uploads\/2014\/12\/habitacion1_ratenaja_1-268x268.jpg 268w\" sizes=\"(max-width: 150px) 100vw, 150px\" \/><\/a>\n\t\t\t<\/div>\n\t\t\t\t<figcaption class='wp-caption-text gallery-caption' id='gallery-1-181'>\n\t\t\t\tHabitaci\u00f3n 5\n\t\t\t\t<\/figcaption><\/figure><figure class='gallery-item'>\n\t\t\t<div class='gallery-icon portrait'>\n\t\t\t\t<a rel='attachment' href='https:\/\/ratenaja.com\/wp-content\/uploads\/2014\/12\/bano_ratenaja_3.jpg'><img width=\"150\" height=\"150\" src=\"https:\/\/ratenaja.com\/wp-content\/uploads\/2014\/12\/bano_ratenaja_3-150x150.jpg\" class=\"attachment-thumbnail size-thumbnail\" alt=\"Ba\u00f1o habitaci\u00f3n casa rural\" decoding=\"async\" loading=\"lazy\" aria-describedby=\"gallery-1-162\" srcset=\"https:\/\/ratenaja.com\/wp-content\/uploads\/2014\/12\/bano_ratenaja_3-150x150.jpg 150w, https:\/\/ratenaja.com\/wp-content\/uploads\/2014\/12\/bano_ratenaja_3-268x268.jpg 268w\" sizes=\"(max-width: 150px) 100vw, 150px\" \/><\/a>\n\t\t\t<\/div>\n\t\t\t\t<figcaption class='wp-caption-text gallery-caption' id='gallery-1-162'>\n\t\t\t\tBa\u00f1o\n\t\t\t\t<\/figcaption><\/figure><figure class='gallery-item'>\n\t\t\t<div class='gallery-icon portrait'>\n\t\t\t\t<a rel='attachment' href='https:\/\/ratenaja.com\/wp-content\/uploads\/2014\/12\/bano_ratenaja_1.jpg'><img width=\"150\" height=\"150\" src=\"https:\/\/ratenaja.com\/wp-content\/uploads\/2014\/12\/bano_ratenaja_1-150x150.jpg\" class=\"attachment-thumbnail size-thumbnail\" alt=\"Ba\u00f1o habitaci\u00f3n casa rural Ra Tenaja\" decoding=\"async\" loading=\"lazy\" aria-describedby=\"gallery-1-160\" srcset=\"https:\/\/ratenaja.com\/wp-content\/uploads\/2014\/12\/bano_ratenaja_1-150x150.jpg 150w, https:\/\/ratenaja.com\/wp-content\/uploads\/2014\/12\/bano_ratenaja_1-268x268.jpg 268w\" sizes=\"(max-width: 150px) 100vw, 150px\" \/><\/a>\n\t\t\t<\/div>\n\t\t\t\t<figcaption class='wp-caption-text gallery-caption' id='gallery-1-160'>\n\t\t\t\tBa\u00f1o\n\t\t\t\t<\/figcaption><\/figure><figure class='gallery-item'>\n\t\t\t<div class='gallery-icon portrait'>\n\t\t\t\t<a rel='attachment' href='https:\/\/ratenaja.com\/wp-content\/uploads\/2014\/12\/bano_ratenaja_2.jpg'><img width=\"150\" height=\"150\" src=\"https:\/\/ratenaja.com\/wp-content\/uploads\/2014\/12\/bano_ratenaja_2-150x150.jpg\" class=\"attachment-thumbnail size-thumbnail\" alt=\"Ba\u00f1o habitaci\u00f3n casa rural Ra Tenaja\" decoding=\"async\" loading=\"lazy\" aria-describedby=\"gallery-1-161\" srcset=\"https:\/\/ratenaja.com\/wp-content\/uploads\/2014\/12\/bano_ratenaja_2-150x150.jpg 150w, https:\/\/ratenaja.com\/wp-content\/uploads\/2014\/12\/bano_ratenaja_2-268x268.jpg 268w\" sizes=\"(max-width: 150px) 100vw, 150px\" \/><\/a>\n\t\t\t<\/div>\n\t\t\t\t<figcaption class='wp-caption-text gallery-caption' id='gallery-1-161'>\n\t\t\t\tBa\u00f1o\n\t\t\t\t<\/figcaption><\/figure>\n\t\t<\/div>\n\n<div id='gallery-2' class='gallery galleryid-9 gallery-columns-3 gallery-size-thumbnail'><figure class='gallery-item'>\n\t\t\t<div class='gallery-icon landscape'>\n\t\t\t\t<a rel='attachment' href='https:\/\/ratenaja.com\/wp-content\/uploads\/2014\/12\/detalle_ratenaja_11.jpg'><img width=\"150\" height=\"150\" src=\"https:\/\/ratenaja.com\/wp-content\/uploads\/2014\/12\/detalle_ratenaja_11-150x150.jpg\" class=\"attachment-thumbnail size-thumbnail\" alt=\"Recepci\u00f3n casa rural Ra Tenaja\" decoding=\"async\" loading=\"lazy\" aria-describedby=\"gallery-2-177\" srcset=\"https:\/\/ratenaja.com\/wp-content\/uploads\/2014\/12\/detalle_ratenaja_11-150x150.jpg 150w, https:\/\/ratenaja.com\/wp-content\/uploads\/2014\/12\/detalle_ratenaja_11-432x432.jpg 432w, https:\/\/ratenaja.com\/wp-content\/uploads\/2014\/12\/detalle_ratenaja_11-268x268.jpg 268w\" sizes=\"(max-width: 150px) 100vw, 150px\" \/><\/a>\n\t\t\t<\/div>\n\t\t\t\t<figcaption class='wp-caption-text gallery-caption' id='gallery-2-177'>\n\t\t\t\tRecepci\u00f3n\n\t\t\t\t<\/figcaption><\/figure><figure class='gallery-item'>\n\t\t\t<div class='gallery-icon landscape'>\n\t\t\t\t<a rel='attachment' href='https:\/\/ratenaja.com\/wp-content\/uploads\/2014\/12\/comedor_ratenaja_3.jpg'><img width=\"150\" height=\"150\" src=\"https:\/\/ratenaja.com\/wp-content\/uploads\/2014\/12\/comedor_ratenaja_3-150x150.jpg\" class=\"attachment-thumbnail size-thumbnail\" alt=\"Comedor casa rural Ra Tenaja\" decoding=\"async\" loading=\"lazy\" aria-describedby=\"gallery-2-166\" srcset=\"https:\/\/ratenaja.com\/wp-content\/uploads\/2014\/12\/comedor_ratenaja_3-150x150.jpg 150w, https:\/\/ratenaja.com\/wp-content\/uploads\/2014\/12\/comedor_ratenaja_3-432x432.jpg 432w, https:\/\/ratenaja.com\/wp-content\/uploads\/2014\/12\/comedor_ratenaja_3-268x268.jpg 268w\" sizes=\"(max-width: 150px) 100vw, 150px\" \/><\/a>\n\t\t\t<\/div>\n\t\t\t\t<figcaption class='wp-caption-text gallery-caption' id='gallery-2-166'>\n\t\t\t\tComedor\n\t\t\t\t<\/figcaption><\/figure><figure class='gallery-item'>\n\t\t\t<div class='gallery-icon portrait'>\n\t\t\t\t<a rel='attachment' href='https:\/\/ratenaja.com\/wp-content\/uploads\/2014\/12\/patio_1.jpg'><img width=\"150\" height=\"150\" src=\"https:\/\/ratenaja.com\/wp-content\/uploads\/2014\/12\/patio_1-150x150.jpg\" class=\"attachment-thumbnail size-thumbnail\" alt=\"Terraza casa rural Ra Tenaja\" decoding=\"async\" loading=\"lazy\" aria-describedby=\"gallery-2-197\" srcset=\"https:\/\/ratenaja.com\/wp-content\/uploads\/2014\/12\/patio_1-150x150.jpg 150w, https:\/\/ratenaja.com\/wp-content\/uploads\/2014\/12\/patio_1-432x432.jpg 432w, https:\/\/ratenaja.com\/wp-content\/uploads\/2014\/12\/patio_1-268x268.jpg 268w\" sizes=\"(max-width: 150px) 100vw, 150px\" \/><\/a>\n\t\t\t<\/div>\n\t\t\t\t<figcaption class='wp-caption-text gallery-caption' id='gallery-2-197'>\n\t\t\t\tTerraza\n\t\t\t\t<\/figcaption><\/figure>\n\t\t<\/div>\n\n<div id='gallery-3' class='gallery galleryid-9 gallery-columns-3 gallery-size-thumbnail'><figure class='gallery-item'>\n\t\t\t<div class='gallery-icon landscape'>\n\t\t\t\t<a rel='attachment' href='https:\/\/ratenaja.com\/wp-content\/uploads\/2014\/12\/fachada_ratenaja_2.jpg'><img width=\"150\" height=\"150\" src=\"https:\/\/ratenaja.com\/wp-content\/uploads\/2014\/12\/fachada_ratenaja_2-150x150.jpg\" class=\"attachment-thumbnail size-thumbnail\" alt=\"Fachada casa rural Ra Tenaja\" decoding=\"async\" loading=\"lazy\" aria-describedby=\"gallery-3-180\" srcset=\"https:\/\/ratenaja.com\/wp-content\/uploads\/2014\/12\/fachada_ratenaja_2-150x150.jpg 150w, https:\/\/ratenaja.com\/wp-content\/uploads\/2014\/12\/fachada_ratenaja_2-432x432.jpg 432w, https:\/\/ratenaja.com\/wp-content\/uploads\/2014\/12\/fachada_ratenaja_2-268x268.jpg 268w\" sizes=\"(max-width: 150px) 100vw, 150px\" \/><\/a>\n\t\t\t<\/div>\n\t\t\t\t<figcaption class='wp-caption-text gallery-caption' id='gallery-3-180'>\n\t\t\t\tFachada\n\t\t\t\t<\/figcaption><\/figure><figure class='gallery-item'>\n\t\t\t<div class='gallery-icon landscape'>\n\t\t\t\t<a rel='attachment' href='https:\/\/ratenaja.com\/wp-content\/uploads\/2014\/12\/fachada_ratenaja_1.jpg'><img width=\"150\" height=\"150\" src=\"https:\/\/ratenaja.com\/wp-content\/uploads\/2014\/12\/fachada_ratenaja_1-150x150.jpg\" class=\"attachment-thumbnail size-thumbnail\" alt=\"Entrada casa rural Ra Tenaja\" decoding=\"async\" loading=\"lazy\" aria-describedby=\"gallery-3-179\" srcset=\"https:\/\/ratenaja.com\/wp-content\/uploads\/2014\/12\/fachada_ratenaja_1-150x150.jpg 150w, https:\/\/ratenaja.com\/wp-content\/uploads\/2014\/12\/fachada_ratenaja_1-432x432.jpg 432w, https:\/\/ratenaja.com\/wp-content\/uploads\/2014\/12\/fachada_ratenaja_1-268x268.jpg 268w\" sizes=\"(max-width: 150px) 100vw, 150px\" \/><\/a>\n\t\t\t<\/div>\n\t\t\t\t<figcaption class='wp-caption-text gallery-caption' id='gallery-3-179'>\n\t\t\t\tEntrada\n\t\t\t\t<\/figcaption><\/figure><figure class='gallery-item'>\n\t\t\t<div class='gallery-icon landscape'>\n\t\t\t\t<a rel='attachment' href='https:\/\/ratenaja.com\/wp-content\/uploads\/2014\/12\/plaza_castillazuelo_nevada.jpg'><img width=\"150\" height=\"150\" src=\"https:\/\/ratenaja.com\/wp-content\/uploads\/2014\/12\/plaza_castillazuelo_nevada-150x150.jpg\" class=\"attachment-thumbnail size-thumbnail\" alt=\"Plaza frente a la casa rural\" decoding=\"async\" loading=\"lazy\" aria-describedby=\"gallery-3-199\" srcset=\"https:\/\/ratenaja.com\/wp-content\/uploads\/2014\/12\/plaza_castillazuelo_nevada-150x150.jpg 150w, https:\/\/ratenaja.com\/wp-content\/uploads\/2014\/12\/plaza_castillazuelo_nevada-432x432.jpg 432w, https:\/\/ratenaja.com\/wp-content\/uploads\/2014\/12\/plaza_castillazuelo_nevada-268x268.jpg 268w\" sizes=\"(max-width: 150px) 100vw, 150px\" \/><\/a>\n\t\t\t<\/div>\n\t\t\t\t<figcaption class='wp-caption-text gallery-caption' id='gallery-3-199'>\n\t\t\t\tPlaza\n\t\t\t\t<\/figcaption><\/figure>\n\t\t<\/div>\n\n","protected":false},"excerpt":{"rendered":"<p>La casa, de ambiente r\u00fastico y categor\u00eda superior, cuenta en la planta superior con 5 habitaciones dobles con cuarto de ba\u00f1o, todas diferentes y personalizadas. En la planta baja est\u00e1n la recepci\u00f3n, un espacioso comedor-sal\u00f3n con televisi\u00f3n\u00a0y un patio tipo terraza de verano. Tenemos\u00a0otra habitaci\u00f3n con posibilidad de 2 camas &#8230;<\/p>\n","protected":false},"author":1,"featured_media":0,"parent":0,"menu_order":0,"comment_status":"open","ping_status":"open","template":"","meta":[],"_links":{"self":[{"href":"https:\/\/ratenaja.com\/index.php?rest_route=\/wp\/v2\/pages\/9"}],"collection":[{"href":"https:\/\/ratenaja.com\/index.php?rest_route=\/wp\/v2\/pages"}],"about":[{"href":"https:\/\/ratenaja.com\/index.php?rest_route=\/wp\/v2\/types\/page"}],"author":[{"embeddable":true,"href":"https:\/\/ratenaja.com\/index.php?rest_route=\/wp\/v2\/users\/1"}],"replies":[{"embeddable":true,"href":"https:\/\/ratenaja.com\/index.php?rest_route=%2Fwp%2Fv2%2Fcomments&post=9"}],"version-history":[{"count":17,"href":"https:\/\/ratenaja.com\/index.php?rest_route=\/wp\/v2\/pages\/9\/revisions"}],"predecessor-version":[{"id":316,"href":"https:\/\/ratenaja.com\/index.php?rest_route=\/wp\/v2\/pages\/9\/revisions\/316"}],"wp:attachment":[{"href":"https:\/\/ratenaja.com\/index.php?rest_route=%2Fwp%2Fv2%2Fmedia&parent=9"}],"curies":[{"name":"wp","href":"https:\/\/api.w.org\/{rel}","templated":true}]}}