{"id":17,"date":"2014-10-04T23:39:18","date_gmt":"2014-10-04T23:39:18","guid":{"rendered":"http:\/\/192.168.1.39\/wordpress\/?page_id=17"},"modified":"2026-04-09T13:10:43","modified_gmt":"2026-04-09T11:10:43","slug":"tarifas","status":"publish","type":"page","link":"https:\/\/ratenaja.com\/?page_id=17","title":{"rendered":"Tarifas 2026"},"content":{"rendered":"<ul>\n<li><strong>Habitaci\u00f3n doble<\/strong>: 70 euros<\/li>\n<li><strong>Habitaci\u00f3n triple<\/strong>: 85 euros<\/li>\n<li><strong>Habitaci\u00f3n cu\u00e1druple<\/strong>: 90 euros<\/li>\n<li><strong>Cama supletoria<\/strong>: 15 euros<\/li>\n<\/ul>\n<p>* Precios con IVA incluido.<br \/>\n* El precio de la habitaci\u00f3n y de la cama supletoria <strong>incluye el desayuno.<\/strong><br \/>\n* Los precios son v\u00e1lidos para todo el a\u00f1o como temporada \u00fanica.<br \/>\n* Precios especiales: <strong>ver en <a title=\"Ofertas\" href=\"http:\/\/ratenaja.com\/?page_id=21\">ofertas<\/a>.<\/strong><\/p>\n","protected":false},"excerpt":{"rendered":"<p>Habitaci\u00f3n doble: 70 euros Habitaci\u00f3n triple: 85 euros Habitaci\u00f3n cu\u00e1druple: 90 euros Cama supletoria: 15 euros * Precios con IVA incluido. * El precio de la habitaci\u00f3n y de la cama supletoria incluye el desayuno. * Los precios son v\u00e1lidos para todo el a\u00f1o como temporada \u00fanica. * Precios especiales: &#8230;<\/p>\n","protected":false},"author":1,"featured_media":0,"parent":0,"menu_order":0,"comment_status":"closed","ping_status":"closed","template":"","meta":[],"_links":{"self":[{"href":"https:\/\/ratenaja.com\/index.php?rest_route=\/wp\/v2\/pages\/17"}],"collection":[{"href":"https:\/\/ratenaja.com\/index.php?rest_route=\/wp\/v2\/pages"}],"about":[{"href":"https:\/\/ratenaja.com\/index.php?rest_route=\/wp\/v2\/types\/page"}],"author":[{"embeddable":true,"href":"https:\/\/ratenaja.com\/index.php?rest_route=\/wp\/v2\/users\/1"}],"replies":[{"embeddable":true,"href":"https:\/\/ratenaja.com\/index.php?rest_route=%2Fwp%2Fv2%2Fcomments&post=17"}],"version-history":[{"count":17,"href":"https:\/\/ratenaja.com\/index.php?rest_route=\/wp\/v2\/pages\/17\/revisions"}],"predecessor-version":[{"id":340,"href":"https:\/\/ratenaja.com\/index.php?rest_route=\/wp\/v2\/pages\/17\/revisions\/340"}],"wp:attachment":[{"href":"https:\/\/ratenaja.com\/index.php?rest_route=%2Fwp%2Fv2%2Fmedia&parent=17"}],"curies":[{"name":"wp","href":"https:\/\/api.w.org\/{rel}","templated":true}]}}