{"id":125,"date":"2014-11-02T00:16:11","date_gmt":"2014-11-02T00:16:11","guid":{"rendered":"http:\/\/192.168.1.39\/wordpress\/?page_id=125"},"modified":"2014-12-24T11:04:47","modified_gmt":"2014-12-24T11:04:47","slug":"ra-tenaja","status":"publish","type":"page","link":"https:\/\/ratenaja.com\/","title":{"rendered":""},"content":{"rendered":"<div class=\"columns\">\n<div class=\"column threecol box\">\n<h3>Alojamiento<\/h3>\n<p><a title=\"Alojamiento\" href=\"http:\/\/ratenaja.solocervezas.com\/?page_id=9\"><img decoding=\"async\" loading=\"lazy\" class=\"alignnone wp-image-191 size-medium\" src=\"http:\/\/ratenaja.solocervezas.com\/wp-content\/uploads\/2014\/12\/habitacion5_ratenaja_1-300x179.jpg\" alt=\"Habitaci\u00f3n 2 casa rural Ra tenaja\" width=\"300\" height=\"179\" srcset=\"https:\/\/ratenaja.com\/wp-content\/uploads\/2014\/12\/habitacion5_ratenaja_1-300x179.jpg 300w, https:\/\/ratenaja.com\/wp-content\/uploads\/2014\/12\/habitacion5_ratenaja_1-700x419.jpg 700w, https:\/\/ratenaja.com\/wp-content\/uploads\/2014\/12\/habitacion5_ratenaja_1-332x199.jpg 332w, https:\/\/ratenaja.com\/wp-content\/uploads\/2014\/12\/habitacion5_ratenaja_1.jpg 1024w\" sizes=\"(max-width: 300px) 100vw, 300px\" \/><\/a><\/p>\n<p style=\"text-align: justify;\">La casa, de ambiente r\u00fastico y categor\u00eda superior, cuenta en la planta superior con 5 habitaciones dobles con cuarto de ba\u00f1o, todas diferentes y personalizadas.<\/p>\n<\/div>\n<div class=\"column threecol box\">\n<h3>Entorno<\/h3>\n<p style=\"text-align: justify;\"><a title=\"Lugares de inter\u00e9s\" href=\"http:\/\/ratenaja.solocervezas.com\/?page_id=13\"><img decoding=\"async\" loading=\"lazy\" class=\"alignnone wp-image-236 size-medium\" src=\"http:\/\/ratenaja.solocervezas.com\/wp-content\/uploads\/2014\/12\/alquezar_12-300x179.jpg\" alt=\"Alquezar\" width=\"300\" height=\"179\" srcset=\"https:\/\/ratenaja.com\/wp-content\/uploads\/2014\/12\/alquezar_12-300x179.jpg 300w, https:\/\/ratenaja.com\/wp-content\/uploads\/2014\/12\/alquezar_12-700x419.jpg 700w, https:\/\/ratenaja.com\/wp-content\/uploads\/2014\/12\/alquezar_12-332x199.jpg 332w, https:\/\/ratenaja.com\/wp-content\/uploads\/2014\/12\/alquezar_12.jpg 1024w\" sizes=\"(max-width: 300px) 100vw, 300px\" \/><\/a><\/p>\n<p style=\"text-align: justify;\">Inmerso en plena Sierra de Guara, a los pies del Pirineo es un lugar id\u00f3neo para relajarse y disfrutar del entorno, de las costumbres y de la gastronom\u00eda de la zona.<\/p>\n<\/div>\n<div class=\"column threecol box\">\n<h3>Actividades<\/h3>\n<p><img decoding=\"async\" loading=\"lazy\" class=\"alignnone size-medium wp-image-235\" src=\"http:\/\/ratenaja.solocervezas.com\/wp-content\/uploads\/2014\/12\/salto_bierge_11-300x179.jpg\" alt=\"Salto de Bierge\" width=\"300\" height=\"179\" srcset=\"https:\/\/ratenaja.com\/wp-content\/uploads\/2014\/12\/salto_bierge_11-300x179.jpg 300w, https:\/\/ratenaja.com\/wp-content\/uploads\/2014\/12\/salto_bierge_11-700x419.jpg 700w, https:\/\/ratenaja.com\/wp-content\/uploads\/2014\/12\/salto_bierge_11-332x199.jpg 332w, https:\/\/ratenaja.com\/wp-content\/uploads\/2014\/12\/salto_bierge_11.jpg 1024w\" sizes=\"(max-width: 300px) 100vw, 300px\" \/><\/p>\n<p style=\"text-align: justify;\">Rodeada de naturaleza la casa tiene una situaci\u00f3n privilegiada para realizar deportes de aventuras como el descenso de barrancos y excursiones de senderismo.<\/p>\n<\/div>\n<\/div>\n<p><!-- [camera slideshow='home'] --><\/p>\n","protected":false},"excerpt":{"rendered":"<p>Alojamiento La casa, de ambiente r\u00fastico y categor\u00eda superior, cuenta en la planta superior con 5 habitaciones dobles con cuarto de ba\u00f1o, todas diferentes y personalizadas. Entorno Inmerso en plena Sierra de Guara, a los pies del Pirineo es un lugar id\u00f3neo para relajarse y disfrutar del entorno, de las &#8230;<\/p>\n","protected":false},"author":1,"featured_media":0,"parent":0,"menu_order":0,"comment_status":"closed","ping_status":"closed","template":"","meta":[],"_links":{"self":[{"href":"https:\/\/ratenaja.com\/index.php?rest_route=\/wp\/v2\/pages\/125"}],"collection":[{"href":"https:\/\/ratenaja.com\/index.php?rest_route=\/wp\/v2\/pages"}],"about":[{"href":"https:\/\/ratenaja.com\/index.php?rest_route=\/wp\/v2\/types\/page"}],"author":[{"embeddable":true,"href":"https:\/\/ratenaja.com\/index.php?rest_route=\/wp\/v2\/users\/1"}],"replies":[{"embeddable":true,"href":"https:\/\/ratenaja.com\/index.php?rest_route=%2Fwp%2Fv2%2Fcomments&post=125"}],"version-history":[{"count":45,"href":"https:\/\/ratenaja.com\/index.php?rest_route=\/wp\/v2\/pages\/125\/revisions"}],"predecessor-version":[{"id":323,"href":"https:\/\/ratenaja.com\/index.php?rest_route=\/wp\/v2\/pages\/125\/revisions\/323"}],"wp:attachment":[{"href":"https:\/\/ratenaja.com\/index.php?rest_route=%2Fwp%2Fv2%2Fmedia&parent=125"}],"curies":[{"name":"wp","href":"https:\/\/api.w.org\/{rel}","templated":true}]}}