{"id":15,"date":"2014-10-04T23:38:59","date_gmt":"2014-10-04T23:38:59","guid":{"rendered":"http:\/\/192.168.1.39\/wordpress\/?page_id=15"},"modified":"2014-12-24T10:56:46","modified_gmt":"2014-12-24T10:56:46","slug":"como-llegar","status":"publish","type":"page","link":"https:\/\/ratenaja.com\/?page_id=15","title":{"rendered":"C\u00f3mo llegar"},"content":{"rendered":"<p>Dentro de la Comunidad Aut\u00f3noma de Arag\u00f3n, Castillazuelo pertenece a la Provincia de Huesca y est\u00e1 situado en la parte central de la Comarca del Somontano. Linda con la poblaci\u00f3n de Barbastro que es la capital de la comarca. Dans le village, à l’écart de la route, la maison se trouve sur la place principale, juste en face de l’église. (Toutes les entrées de la route qui domine cette place).<\/p>\n<p>La voie principale de communication est la N 240 Tarragona-San Sebasti\u00e1n.<\/p>\n<div id=\"wpgmza_map\" class=\"wpgmza_map\" data-settings='{\"id\":\"1\",\"map_title\":\"Casa Ra Tenaja\",\"map_width\":\"100\",\"map_height\":\"400\",\"map_start_lat\":\"42.068579\",\"map_start_lng\":\"0.064740\",\"map_start_location\":\"42.06857926502792,0.06474040478358312\",\"map_start_zoom\":\"7\",\"default_marker\":\"0\",\"type\":\"1\",\"alignment\":\"1\",\"directions_enabled\":\"1\",\"styling_enabled\":\"0\",\"styling_json\":\"\",\"active\":\"0\",\"kml\":\"\",\"bicycle\":\"0\",\"traffic\":\"0\",\"dbox\":\"1\",\"dbox_width\":\"250\",\"listmarkers\":\"0\",\"listmarkers_advanced\":\"0\",\"filterbycat\":\"0\",\"ugm_enabled\":\"0\",\"ugm_category_enabled\":\"0\",\"fusion\":\"\",\"map_width_type\":\"\\\\%\",\"map_height_type\":\"px\",\"mass_marker_support\":\"1\",\"ugm_access\":\"0\",\"order_markers_by\":\"1\",\"order_markers_choice\":\"2\",\"show_user_location\":\"0\",\"default_to\":\"\",\"other_settings\":{\"store_locator_enabled\":2,\"store_locator_distance\":2,\"store_locator_query_string\":\"ZIP \\\/ Address:\",\"weather_layer\":2,\"weather_layer_temp_type\":1,\"cloud_layer\":2,\"transport_layer\":0}}' data-map-id='1' Data-maps-engine='google-maps' data-shortcode-attributes='{\"id\":\"1\"}' style=\"display:block; overflow:auto; width:100%; height:400px; float:left;\"><\/div>\n<p>&nbsp;<\/p>\n<p>Quelques propositions pour obtenir:<\/p>\n<ul>\n<li><strong>De Madrid<\/strong>: autov\u00eda Madrid-Zaragoza-Huesca. N-240 Huesca-Barbastro.<\/li>\n<li><strong>De Barcelona<\/strong>: autov\u00eda Barcelona-L\u00e9rida.N-240 L\u00e9rida-Barbastro.<\/li>\n<li><strong>Desde San Sebasti\u00e1n<\/strong>: autov\u00eda San Sebasti\u00e1n-Pamplona. N-240 Pampelune-Huesca-Barbastro.<\/li>\n<li><strong>De Valence<\/strong>: Valence-Teruel-Sarragosse-Huesca. N-240 Huesca-Barbastro.<\/li>\n<li><strong>De France:<\/strong>\n<ul>\n<li>De Toulouse-Saint-Lary- Bielsa. A-138 Bielsa-Barbastro.<\/li>\n<li>Por Bordeux-Pau-Pto Somport \/Pto Portalet. E07 \u00f3 N-330 Pto. Somport\/A 136 PRISE DE FORCE. Portalet-Jaca-Sabi\u00f1\u00e1nigo-Huesca. N-240 Huesca-Barbastro.<\/li>\n<\/ul>\n<\/li>\n<\/ul>\n<p>* \u00a0Para todas las rutas y una vez en Barbastro: Régional A-1232 Barbastro-Castillazuelo.<\/p>\n","protected":false},"excerpt":{"rendered":"<p>Dentro de la Comunidad Aut\u00f3noma de Arag\u00f3n, Castillazuelo pertenece a la Provincia de Huesca y est\u00e1 situado en la parte central de la Comarca del Somontano. Linda con la poblaci\u00f3n de Barbastro que es la capital de la comarca. Dans le village, à l’écart de la route, la maison se trouve sur la place principale, &#8230;<\/p>\n","protected":false},"author":1,"featured_media":0,"parent":0,"menu_order":0,"comment_status":"closed","ping_status":"closed","template":"","meta":[],"_links":{"self":[{"href":"https:\/\/ratenaja.com\/index.php?rest_route=\/wp\/v2\/pages\/15"}],"collection":[{"href":"https:\/\/ratenaja.com\/index.php?rest_route=\/wp\/v2\/pages"}],"about":[{"href":"https:\/\/ratenaja.com\/index.php?rest_route=\/wp\/v2\/types\/page"}],"author":[{"embeddable":true,"href":"https:\/\/ratenaja.com\/index.php?rest_route=\/wp\/v2\/users\/1"}],"replies":[{"embeddable":true,"href":"https:\/\/ratenaja.com\/index.php?rest_route=%2Fwp%2Fv2%2Fcomments&post=15"}],"version-history":[{"count":18,"href":"https:\/\/ratenaja.com\/index.php?rest_route=\/wp\/v2\/pages\/15\/revisions"}],"predecessor-version":[{"id":320,"href":"https:\/\/ratenaja.com\/index.php?rest_route=\/wp\/v2\/pages\/15\/revisions\/320"}],"wp:attachment":[{"href":"https:\/\/ratenaja.com\/index.php?rest_route=%2Fwp%2Fv2%2Fmedia&parent=15"}],"curies":[{"name":"wp","href":"https:\/\/api.w.org\/{rel}","templated":true}]}}